{"id":832,"date":"2025-09-11T20:04:50","date_gmt":"2025-09-11T20:04:50","guid":{"rendered":"http:\/\/localhost:8888\/?page_id=45"},"modified":"2026-04-15T20:34:48","modified_gmt":"2026-04-15T18:34:48","slug":"services","status":"publish","type":"page","link":"https:\/\/www.justinekaufmann.photo\/de\/services\/","title":{"rendered":"Leistungen"},"content":{"rendered":"<div class=\"wp-block-cover is-light block-cover-hero-nopad\"><img loading=\"lazy\" decoding=\"async\" width=\"1024\" height=\"576\" class=\"wp-block-cover__image-background wp-image-852 size-large\" alt=\"\" src=\"https:\/\/www.justinekaufmann.photo\/wp-content\/uploads\/2025\/09\/services-scaled-1-1024x576.png\" data-object-fit=\"cover\" srcset=\"https:\/\/www.justinekaufmann.photo\/wp-content\/uploads\/2025\/09\/services-scaled-1-1024x576.png 1024w, https:\/\/www.justinekaufmann.photo\/wp-content\/uploads\/2025\/09\/services-scaled-1-300x169.png 300w, https:\/\/www.justinekaufmann.photo\/wp-content\/uploads\/2025\/09\/services-scaled-1-768x432.png 768w, https:\/\/www.justinekaufmann.photo\/wp-content\/uploads\/2025\/09\/services-scaled-1-1536x863.png 1536w, https:\/\/www.justinekaufmann.photo\/wp-content\/uploads\/2025\/09\/services-scaled-1-2048x1151.png 2048w, https:\/\/www.justinekaufmann.photo\/wp-content\/uploads\/2025\/09\/services-scaled-1-18x10.png 18w, https:\/\/www.justinekaufmann.photo\/wp-content\/uploads\/2025\/09\/services-scaled-1-924x519.png 924w, https:\/\/www.justinekaufmann.photo\/wp-content\/uploads\/2025\/09\/services-scaled-1-671x377.png 671w\" sizes=\"auto, (max-width: 1024px) 100vw, 1024px\" \/><span aria-hidden=\"true\" class=\"wp-block-cover__background has-background-dim-0 has-background-dim\"><\/span><div class=\"wp-block-cover__inner-container is-layout-flow wp-block-cover-is-layout-flow\">\n<div class=\"wp-block-group hero-transparent-inner-block has-white-color has-text-color has-link-color wp-elements-8fd471410028ccf45044df946e171908 is-layout-constrained wp-block-group-is-layout-constrained\">\n<h1 class=\"wp-block-heading has-dark-color has-text-color has-link-color wp-elements-6442c1cd2a481c9c11aedc2f9be6427f\">Leistungen<\/h1>\n\n\n\n<h3 class=\"wp-block-heading has-secondary-color has-text-color has-link-color wp-elements-95def76831ddc869f9ea1991af129b15\">Justine Kaufmann Photography<\/h3>\n<\/div>\n\n\n\n<p><\/p>\n\n\n\n<p><\/p>\n\n\n\n<div class=\"wp-block-buttons is-layout-flex wp-block-buttons-is-layout-flex\">\n<div class=\"wp-block-button button-white is-style-fill\"><a class=\"wp-block-button__link has-secondary-background-color has-background wp-element-button\" href=\"https:\/\/www.justinekaufmann.photo\/de\/\">\u00dcber Mich<\/a><\/div>\n<\/div>\n<\/div><\/div>\n\n\n\n<div class=\"wp-block-cover is-light\"><span aria-hidden=\"true\" class=\"wp-block-cover__background has-background-background-color has-background-dim-100 has-background-dim\"><\/span><div class=\"wp-block-cover__inner-container is-layout-constrained wp-block-cover-is-layout-constrained\">\n<h2 class=\"wp-block-heading has-text-align-center\">Pakete<\/h2>\n\n\n\n<ul style=\"text-transform:uppercase\" class=\"wp-block-list bullet-inner-sep has-primary-color has-text-color has-link-color wp-elements-e0d71af5bd9b386ea7f57b3eae5d94cb\">\n<li>Lifestyle<\/li>\n\n\n\n<li>Portr\u00e4ts<\/li>\n\n\n\n<li>Familie<\/li>\n\n\n\n<li>Baby<\/li>\n\n\n\n<li>Tiere<\/li>\n<\/ul>\n\n\n\n<p><\/p>\n\n\n\n<div class=\"wp-block-group services-row packages-row is-content-justification-space-between is-layout-flex wp-container-core-group-is-layout-e3bc7287 wp-block-group-is-layout-flex\">\n<div class=\"wp-block-group wp-container-content-69bc4bdf is-layout-constrained wp-block-group-is-layout-constrained\">\n<div class=\"wp-block-group service-inner is-layout-constrained wp-block-group-is-layout-constrained\">\n<figure class=\"wp-block-image size-large is-style-rounded\"><img decoding=\"async\" src=\"https:\/\/www.justinekaufmann.photo\/wp-content\/uploads\/2025\/09\/jkp-p0-1024x605.png\" alt=\"\" class=\"wp-image-62\"\/><\/figure>\n\n\n\n<h3 class=\"wp-block-heading has-text-align-center\">Mini<\/h3>\n\n\n\n<p class=\"has-text-align-center\">45 Minuten<br>8 Bearbeitete Bilder<br>Onlinegalerie<\/p>\n\n\n\n<p class=\"has-text-align-center\">\u20ac150*<\/p>\n<\/div>\n\n\n\n<div class=\"wp-block-buttons is-content-justification-center is-layout-flex wp-container-core-buttons-is-layout-16018d1d wp-block-buttons-is-layout-flex\">\n<div class=\"wp-block-button is-style-outline is-style-outline--1\"><a class=\"wp-block-button__link has-title-font-family wp-element-button\" href=\"https:\/\/www.justinekaufmann.photo\/de\/booking\/?service=1&amp;provider=2\">Termin Anfragen<\/a><\/div>\n<\/div>\n<\/div>\n\n\n\n<div class=\"wp-block-group wp-container-content-69bc4bdf is-layout-constrained wp-block-group-is-layout-constrained\">\n<div class=\"wp-block-group service-inner is-layout-constrained wp-block-group-is-layout-constrained\">\n<figure class=\"wp-block-image size-large is-style-rounded\"><img decoding=\"async\" src=\"https:\/\/www.justinekaufmann.photo\/wp-content\/uploads\/2025\/09\/jkp-p1-1024x605.png\" alt=\"\" class=\"wp-image-63\"\/><\/figure>\n\n\n\n<h3 class=\"wp-block-heading has-text-align-center\">Standard<\/h3>\n\n\n\n<p class=\"has-text-align-center\">1 Stunde<br>20 Edited Photos<br>Onlinegalerie<\/p>\n\n\n\n<p class=\"has-text-align-center\">\u20ac250*<\/p>\n<\/div>\n\n\n\n<div class=\"wp-block-buttons is-content-justification-center is-layout-flex wp-container-core-buttons-is-layout-16018d1d wp-block-buttons-is-layout-flex\">\n<div class=\"wp-block-button is-style-outline is-style-outline--2\"><a class=\"wp-block-button__link has-title-font-family wp-element-button\" href=\"https:\/\/www.justinekaufmann.photo\/de\/booking\/?service=2&amp;provider=2\">Termin Anfragen<\/a><\/div>\n<\/div>\n<\/div>\n<\/div>\n\n\n\n<div class=\"wp-block-group services-row packages-row is-content-justification-space-between is-layout-flex wp-container-core-group-is-layout-e3bc7287 wp-block-group-is-layout-flex\">\n<div class=\"wp-block-group wp-container-content-69bc4bdf is-layout-constrained wp-block-group-is-layout-constrained\">\n<div class=\"wp-block-group service-inner is-layout-constrained wp-block-group-is-layout-constrained\">\n<figure class=\"wp-block-image size-large is-style-rounded\"><img loading=\"lazy\" decoding=\"async\" width=\"1024\" height=\"683\" src=\"https:\/\/www.justinekaufmann.photo\/wp-content\/uploads\/2026\/04\/DSC02014-1024x683.jpg\" alt=\"\" class=\"wp-image-927\" srcset=\"https:\/\/www.justinekaufmann.photo\/wp-content\/uploads\/2026\/04\/DSC02014-1024x683.jpg 1024w, https:\/\/www.justinekaufmann.photo\/wp-content\/uploads\/2026\/04\/DSC02014-300x200.jpg 300w, https:\/\/www.justinekaufmann.photo\/wp-content\/uploads\/2026\/04\/DSC02014-768x512.jpg 768w, https:\/\/www.justinekaufmann.photo\/wp-content\/uploads\/2026\/04\/DSC02014-1536x1024.jpg 1536w, https:\/\/www.justinekaufmann.photo\/wp-content\/uploads\/2026\/04\/DSC02014-18x12.jpg 18w, https:\/\/www.justinekaufmann.photo\/wp-content\/uploads\/2026\/04\/DSC02014.jpg 2048w\" sizes=\"auto, (max-width: 1024px) 100vw, 1024px\" \/><\/figure>\n\n\n\n<h3 class=\"wp-block-heading has-text-align-center\">Extended<\/h3>\n\n\n\n<p class=\"has-text-align-center\">1.5 Stunden<br>30 Edited Photos<br>Onlinegalerie<\/p>\n\n\n\n<p class=\"has-text-align-center\">\u20ac350*<\/p>\n<\/div>\n\n\n\n<div class=\"wp-block-buttons is-content-justification-center is-layout-flex wp-container-core-buttons-is-layout-16018d1d wp-block-buttons-is-layout-flex\">\n<div class=\"wp-block-button is-style-outline is-style-outline--3\"><a class=\"wp-block-button__link has-title-font-family wp-element-button\" href=\"https:\/\/www.justinekaufmann.photo\/de\/booking\/?service=2&amp;provider=2\">Termin Anfragen<\/a><\/div>\n<\/div>\n<\/div>\n\n\n\n<div class=\"wp-block-group is-layout-constrained wp-block-group-is-layout-constrained\">\n<div class=\"wp-block-group service-inner is-layout-constrained wp-block-group-is-layout-constrained\">\n<figure class=\"wp-block-image size-large is-style-rounded\"><img decoding=\"async\" src=\"https:\/\/www.justinekaufmann.photo\/wp-content\/uploads\/2025\/09\/jkp-p3-1024x605.png\" alt=\"\" class=\"wp-image-64\"\/><\/figure>\n\n\n\n<h3 class=\"wp-block-heading has-text-align-center\">Full<\/h3>\n\n\n\n<p class=\"has-text-align-center\">2 Stunden<br>45 Bearbeitete Bilder<br>Onlinegalerie<\/p>\n\n\n\n<p class=\"has-text-align-center\">\u20ac450*<\/p>\n<\/div>\n\n\n\n<div class=\"wp-block-buttons is-content-justification-center is-layout-flex wp-container-core-buttons-is-layout-16018d1d wp-block-buttons-is-layout-flex\">\n<div class=\"wp-block-button is-style-outline is-style-outline--4\"><a class=\"wp-block-button__link has-title-font-family wp-element-button\" href=\"https:\/\/www.justinekaufmann.photo\/de\/booking\/?service=3&amp;provider=2\">Termin Anfragen<\/a><\/div>\n<\/div>\n<\/div>\n<\/div>\n\n\n\n<p class=\"has-text-align-center\">Diese Preise gelten f\u00fcr Fotoshootings vor Ort im Rhein-Neckar-Gebiet und enthalten 19% MWSt.<br>F\u00fcr weiter entfernte Orte fallen zus\u00e4tzliche Kosten an.<\/p>\n<\/div><\/div>\n\n\n\n<div class=\"wp-block-cover is-light\"><span aria-hidden=\"true\" class=\"wp-block-cover__background has-background-background-color has-background-dim-100 has-background-dim\"><\/span><div class=\"wp-block-cover__inner-container is-layout-constrained wp-block-cover-is-layout-constrained\">\n<h2 class=\"wp-block-heading has-text-align-center\">Leistungen<\/h2>\n\n\n\n<p><\/p>\n\n\n\n<div class=\"wp-block-group services-row is-content-justification-space-between is-layout-flex wp-container-core-group-is-layout-e3bc7287 wp-block-group-is-layout-flex\">\n<div class=\"wp-block-group is-layout-constrained wp-block-group-is-layout-constrained\">\n<div class=\"wp-block-group service-inner-tall is-layout-constrained wp-block-group-is-layout-constrained\">\n<figure class=\"wp-block-image size-large is-style-rounded\"><img decoding=\"async\" src=\"https:\/\/www.justinekaufmann.photo\/wp-content\/uploads\/2025\/09\/jkp-s0-1024x605.png\" alt=\"\" class=\"wp-image-65\"\/><\/figure>\n\n\n\n<h3 class=\"wp-block-heading has-text-align-center\">Event &amp; Reportage<\/h3>\n\n\n\n<ul style=\"text-transform:uppercase\" class=\"wp-block-list bullet-inner-sep has-primary-color has-text-color has-link-color wp-elements-ecddd0796f5f5884e5c5daa5b2ba9cfe\">\n<li>Event<\/li>\n\n\n\n<li>Reportage<\/li>\n<\/ul>\n\n\n\n<ul style=\"text-transform:uppercase\" class=\"wp-block-list bullet-inner-sep has-primary-color has-text-color has-link-color wp-elements-2c6e8c6cbbcd5dcaef71faf02a4318ae\">\n<li>Hochzeiten &amp; Feiern<\/li>\n<\/ul>\n\n\n\n<p class=\"has-text-align-center\">Ab<br>\u20ac400 f\u00fcr 2 Stunden<\/p>\n<\/div>\n\n\n\n<div class=\"wp-block-buttons is-content-justification-center is-layout-flex wp-container-core-buttons-is-layout-16018d1d wp-block-buttons-is-layout-flex\">\n<div class=\"wp-block-button is-style-outline is-style-outline--5\"><a class=\"wp-block-button__link has-title-font-family wp-element-button\" href=\"\/de\/#contact-me\">Kontakt Aufnehmen<\/a><\/div>\n<\/div>\n<\/div>\n\n\n\n<div class=\"wp-block-group is-layout-constrained wp-block-group-is-layout-constrained\">\n<div class=\"wp-block-group service-inner-tall is-layout-constrained wp-block-group-is-layout-constrained\">\n<figure class=\"wp-block-image size-large is-style-rounded\"><img decoding=\"async\" src=\"https:\/\/www.justinekaufmann.photo\/wp-content\/uploads\/2025\/09\/jkp-s1-1024x605.png\" alt=\"\" class=\"wp-image-66\"\/><\/figure>\n\n\n\n<h3 class=\"wp-block-heading has-text-align-center\">Marke &amp; Produkt<\/h3>\n\n\n\n<ul style=\"text-transform:uppercase\" class=\"wp-block-list bullet-inner-sep has-primary-color has-text-color has-link-color wp-elements-058d6c974e9cd4634d69b47f9508de9a\">\n<li>Marke<\/li>\n\n\n\n<li>Produkt<\/li>\n<\/ul>\n\n\n\n<ul style=\"text-transform:uppercase\" class=\"wp-block-list bullet-inner-sep has-primary-color has-text-color has-link-color wp-elements-b194540d302d2946a5f81bed93a61a0d\">\n<li>Innenaufnahmen<\/li>\n\n\n\n<li>Unternehmen<\/li>\n<\/ul>\n\n\n\n<p class=\"has-text-align-center\">Kontaktieren Sie mich<br>f\u00fcr ma\u00dfgeschneiderte<br>Dienstleistungen.<\/p>\n<\/div>\n\n\n\n<div class=\"wp-block-buttons is-content-justification-center is-layout-flex wp-container-core-buttons-is-layout-16018d1d wp-block-buttons-is-layout-flex\">\n<div class=\"wp-block-button is-style-outline is-style-outline--6\"><a class=\"wp-block-button__link has-title-font-family has-text-align-center wp-element-button\" href=\"\/de\/#contact-me\">Kontakt Aufnehmen<\/a><\/div>\n<\/div>\n<\/div>\n\n\n\n<div class=\"wp-block-group is-layout-constrained wp-block-group-is-layout-constrained\">\n<div class=\"wp-block-group service-inner-tall is-layout-constrained wp-block-group-is-layout-constrained\">\n<figure class=\"wp-block-image size-large is-style-rounded\"><img decoding=\"async\" src=\"https:\/\/www.justinekaufmann.photo\/wp-content\/uploads\/2025\/09\/pl4-1024x642.png\" alt=\"\" class=\"wp-image-20\"\/><\/figure>\n\n\n\n<h3 class=\"wp-block-heading has-text-align-center\">Medien &amp; Content<\/h3>\n\n\n\n<ul style=\"text-transform:uppercase\" class=\"wp-block-list bullet-inner-sep has-primary-color has-text-color has-link-color wp-elements-ecbb665b954b26419076bc54e7fa853c\">\n<li>Kurzvideos<\/li>\n<\/ul>\n\n\n\n<ul style=\"text-transform:uppercase\" class=\"wp-block-list bullet-inner-sep has-primary-color has-text-color has-link-color wp-elements-a0626acf16731bed0f7b06b4360480bc\">\n<li>Grafisches Design<\/li>\n<\/ul>\n\n\n\n<p class=\"has-text-align-center\">Kontaktieren Sie mich<br>f\u00fcr ma\u00dfgeschneiderte<br>Dienstleistungen.<\/p>\n<\/div>\n\n\n\n<div class=\"wp-block-buttons is-layout-flex wp-block-buttons-is-layout-flex\">\n<div class=\"wp-block-button is-style-outline is-style-outline--7\"><a class=\"wp-block-button__link has-title-font-family has-text-align-center wp-element-button\" href=\"\/de\/#contact-me\">Kontakt Aufnehmen<\/a><\/div>\n<\/div>\n<\/div>\n<\/div>\n<\/div><\/div>\n\n\n\n<div class=\"wp-block-cover contact-block\" id=\"contact-me\"><span aria-hidden=\"true\" class=\"wp-block-cover__background has-primary-background-color has-background-dim-100 has-background-dim\"><\/span><div class=\"wp-block-cover__inner-container is-layout-flow wp-block-cover-is-layout-flow\">\n<div class=\"wp-block-group has-background-background-color has-background is-layout-constrained wp-block-group-is-layout-constrained\">\n<div class=\"wp-block-columns is-layout-flex wp-container-core-columns-is-layout-9d6595d7 wp-block-columns-is-layout-flex\">\n<div class=\"wp-block-column is-vertically-aligned-top is-layout-flow wp-block-column-is-layout-flow\" style=\"flex-basis:60%\">\n<p class=\"has-text-align-left\"><strong>Justine Kaufmann Photography<\/strong><br><mark style=\"background-color:rgba(0, 0, 0, 0)\" class=\"has-inline-color has-primary-color\">Sinsheim, Deutschland<\/mark><\/p>\n\n\n\n<p class=\"has-text-align-left\"><a href=\"mailto:info@justinekaufmann.photo\">info@justinekaufmann.photo<\/a><br><a href=\"https:\/\/www.instagram.com\/justinekaufmann.photo\/\">@justinekaufmann.photo<\/a><br><a href=\"tel:4915129581785\">+49 1512 958 1785<\/a><\/p>\n<\/div>\n\n\n\n<div class=\"wp-block-column is-vertically-aligned-bottom is-layout-flow wp-block-column-is-layout-flow\" style=\"flex-basis:40%\">\n<div class=\"wp-block-buttons is-layout-flex wp-block-buttons-is-layout-flex\">\n<div class=\"wp-block-button has-custom-width wp-block-button__width-100 is-style-fill\"><a class=\"wp-block-button__link has-white-color has-secondary-background-color has-text-color has-background has-link-color wp-element-button\" href=\"https:\/\/www.justinekaufmann.photo\/de\/booking\/\">Termin reservieren<\/a><\/div>\n\n\n\n<div class=\"wp-block-button has-custom-width wp-block-button__width-100 is-style-outline is-style-outline--8\"><a class=\"wp-block-button__link wp-element-button\" href=\"https:\/\/ig.me\/m\/justinekaufmann.photo\">PN auf Instagram<\/a><\/div>\n\n\n\n<div class=\"wp-block-button has-custom-width wp-block-button__width-100 is-style-outline is-style-outline--9\"><a class=\"wp-block-button__link wp-element-button\" href=\"https:\/\/wa.me\/4915129581785\">Chat auf WhatsApp<\/a><\/div>\n<\/div>\n<\/div>\n<\/div>\n<\/div>\n<\/div><\/div>","protected":false},"excerpt":{"rendered":"","protected":false},"author":1,"featured_media":0,"parent":0,"menu_order":0,"comment_status":"closed","ping_status":"closed","template":"","meta":{"inline_featured_image":false,"footnotes":""},"class_list":["post-832","page","type-page","status-publish","hentry"],"_links":{"self":[{"href":"https:\/\/www.justinekaufmann.photo\/de\/wp-json\/wp\/v2\/pages\/832","targetHints":{"allow":["GET"]}}],"collection":[{"href":"https:\/\/www.justinekaufmann.photo\/de\/wp-json\/wp\/v2\/pages"}],"about":[{"href":"https:\/\/www.justinekaufmann.photo\/de\/wp-json\/wp\/v2\/types\/page"}],"author":[{"embeddable":true,"href":"https:\/\/www.justinekaufmann.photo\/de\/wp-json\/wp\/v2\/users\/1"}],"replies":[{"embeddable":true,"href":"https:\/\/www.justinekaufmann.photo\/de\/wp-json\/wp\/v2\/comments?post=832"}],"version-history":[{"count":12,"href":"https:\/\/www.justinekaufmann.photo\/de\/wp-json\/wp\/v2\/pages\/832\/revisions"}],"predecessor-version":[{"id":959,"href":"https:\/\/www.justinekaufmann.photo\/de\/wp-json\/wp\/v2\/pages\/832\/revisions\/959"}],"wp:attachment":[{"href":"https:\/\/www.justinekaufmann.photo\/de\/wp-json\/wp\/v2\/media?parent=832"}],"curies":[{"name":"wp","href":"https:\/\/api.w.org\/{rel}","templated":true}]}}